{"id":33,"date":"2019-12-21T13:01:51","date_gmt":"2019-12-21T13:01:51","guid":{"rendered":"https:\/\/qitime.de\/?page_id=33"},"modified":"2026-04-06T22:56:14","modified_gmt":"2026-04-06T22:56:14","slug":"home","status":"publish","type":"page","link":"https:\/\/qitime.de\/es\/","title":{"rendered":"casa"},"content":{"rendered":"<div class=\"brz brz-root__container brz-reset-all brz-root__container-page\">\n<section id=\"ecf0eba8f297ea7fc166_regdpiyxsl\" class=\"brz-section brz-css-yorp1f brz-css-1nkfztn\">\n<div class=\"brz-section__content brz-section--boxed brz-css-i3e5a2 brz-css-2nagmx\" data-brz-custom-id=\"kqwfuqewco\">\n<div class=\"brz-container brz-css-xjiglw brz-css-sq6yyn\">\n<div class=\"brz-row__container brz-css-1nod3nh brz-css-s0bxte\" data-brz-custom-id=\"rotiyaqfkz\">\n<div class=\"brz-row brz-css-1hw8clz brz-css-1db3867\">\n<div class=\"brz-columns brz-css-juwac0 brz-css-155k2g8\" data-brz-custom-id=\"qkhpatgsur\">\n<div class=\"brz-column__items brz-css-d1mvf1 brz-css-1g5yf5z\">\n<div id=\"\" class=\"brz-css-smkir9 brz-css-1qafwbm brz-wrapper\">\n<div class=\"brz-image brz-css-1un75m0 brz-css-ati8qg\" data-brz-custom-id=\"yyhzalsuon\"><img decoding=\"async\" class=\"brz-img\" src=\"https:\/\/qitime.de\/wp-content\/uploads\/brizy\/imgs\/Shiatsu_impressions1_result-315x324x0x44x315x236x1582676473.jpg\" alt=\"Meridian Arbeit mit Shiatsu\" title=\"Foto Shiatsu Daumentechnik\" loading=\"lazy\"><\/div>\n<\/div>\n<div id=\"\" class=\"brz-css-smkir9 brz-css-wwlow0 brz-wrapper\">\n<div class=\"brz-rich-text brz-rich-text__custom brz-css-1883udj brz-css-1wwo6vf\" data-brz-custom-id=\"jdfbehrvjy\">\n<div data-brz-translate-text=\"1\">\n<p class=\"brz-lh-lg-1_7 brz-lh-sm-1_6 brz-lh-xs-1_6 brz-ls-lg-0 brz-ls-sm-0 brz-ls-xs-0 brz-ff-montserrat brz-fw-lg-300 brz-fw-sm-300 brz-fw-xs-300 brz-fs-lg-16 brz-fs-sm-13 brz-fs-xs-13 brz-css-uDrSX\" data-uniq-id=\"mjxjq\" data-generated-css=\"brz-css-qtych\"><a class=\"link--external brz-cp-color2\" href=\"\/es\/shiatsu\/\" data-brz-link-type=\"external\"><strong>SHIATSU<\/strong><\/a><span class=\"brz-cp-color2\"> unterst\u00fctzt uns, den freien Fluss unserer Lebensenergie wieder herzustellen und ihn beizubehalten. Es stellt somit eine wertvolle Hilfe in jedem Heilungsprozess dar. Shiatsu ist wahrscheinlich&nbsp;die entspannteste Art etwas Gesundes f\u00fcr ihren K\u00f6rper zu tun!&nbsp;&nbsp;PRAXIS:&nbsp;<\/span><a class=\"link--external brz-cp-color2\" href=\"http:\/\/das-shiatsu-zimmer.de\" data-brz-link-type=\"external\" target=\"_blank\"><em>&#8222;Cornus Praxis&#8220;<\/em><\/a><span class=\"brz-cp-color2 brz-span\"> Gustav-Adolf Stra\u00dfe 159, 13086 Berlin<\/span><\/p>\n<\/div>\n<\/div>\n<\/div>\n<\/div>\n<\/div>\n<div class=\"brz-columns brz-css-juwac0 brz-css-zegy9k\" data-brz-custom-id=\"skcqvcuhvsbzkcygnzpexgwondamgpjworqw\">\n<div class=\"brz-column__items brz-css-d1mvf1 brz-css-1fajacs\">\n<div id=\"\" class=\"brz-css-smkir9 brz-css-5oi3gq brz-wrapper\">\n<div class=\"brz-image brz-css-1ecphgr brz-css-e1lu2u\" data-brz-custom-id=\"cmxeieammokatzatcxpwddgvovpqnuajhnho\"><img decoding=\"async\" class=\"brz-img\" src=\"https:\/\/qitime.de\/wp-content\/uploads\/brizy\/imgs\/Pilates_Class2_result-314x273x0x19x314x235x1582676371.jpg\" alt=\"Privat Unterricht\" title=\"Foto Pilates Privat Unterricht\" loading=\"lazy\"><\/div>\n<\/div>\n<div id=\"\" class=\"brz-css-smkir9 brz-css-801hrk brz-wrapper\">\n<div class=\"brz-rich-text brz-rich-text__custom brz-css-1883udj brz-css-3zxe0w\" data-brz-custom-id=\"oadvkgaiaboweeynnrbdqyxkgzxvlhvusjlc\">\n<div data-brz-translate-text=\"1\">\n<p class=\"brz-fw-xs-300 brz-fw-sm-300 brz-fw-lg-300 brz-fs-xs-13 brz-fs-sm-13 brz-fs-lg-16 brz-ff-montserrat brz-ls-xs-0 brz-ls-sm-0 brz-ls-lg-0 brz-lh-xs-1_6 brz-lh-sm-1_6 brz-lh-lg-1_7 brz-css-bnoHz\" data-uniq-id=\"g3qrc\" data-generated-css=\"brz-css-d95Go\"><span class=\"brz-cp-color2\"> <\/span><strong class=\"brz-cp-color2\">FUSION<\/strong><span class=\"brz-cp-color2\">&nbsp;En la lecci\u00f3n privada &quot;Fusion&quot;, combinamos Pilates con Shiatsu. La inclusi\u00f3n de aplicaciones de Shiatsu durante la lecci\u00f3n de Pilates apoya una regeneraci\u00f3n energ\u00e9tica relajante. Los ejercicios tienen un efecto posterior m\u00e1s profundo, creando un equilibrio entre la tensi\u00f3n y la relajaci\u00f3n. La conciencia del cuerpo se despliega tanto en el movimiento como en el resto.<\/span><\/p>\n<\/div>\n<\/div>\n<\/div>\n<\/div>\n<\/div>\n<div class=\"brz-columns brz-css-juwac0 brz-css-mvxhmm\" data-brz-custom-id=\"nuteouwysf\">\n<div class=\"brz-column__items brz-css-d1mvf1 brz-css-13gcok8\">\n<div id=\"\" class=\"brz-css-smkir9 brz-css-zty1i2 brz-wrapper\">\n<div class=\"brz-image brz-css-16ujbh4 brz-css-t7i6zs\" data-brz-custom-id=\"fyzphsjwdb\"><img decoding=\"async\" class=\"brz-img\" src=\"https:\/\/qitime.de\/wp-content\/uploads\/brizy\/imgs\/Arc_result-314x308x0x74x314x234x1582676302.jpg\" alt=\"Die Mitte finden, mit Pilates\" title=\"\" loading=\"lazy\"><\/div>\n<\/div>\n<div id=\"\" class=\"brz-css-smkir9 brz-css-2gcnm0 brz-wrapper\">\n<div class=\"brz-rich-text brz-rich-text__custom brz-css-1883udj brz-css-a2lxwe\" data-brz-custom-id=\"ozeopjnnlt\">\n<div data-brz-translate-text=\"1\">\n<p class=\"brz-fw-lg-300 brz-lh-lg-1_7 brz-lh-sm-im-1_6 brz-lh-xs-im-1_6 brz-ls-lg-0 brz-ls-sm-im-0 brz-ls-xs-im-0 brz-ff-montserrat brz-fw-sm-im-300 brz-fw-xs-im-300 brz-fs-lg-16 brz-fs-sm-im-13 brz-fs-xs-im-13 brz-css-dwIWG\"><a class=\"brz-cp-color2 link--external\" href=\"\/es\/Pilates\/\" data-brz-link-type=\"external\"><strong>PILATES<\/strong><\/a><strong class=\"brz-cp-color2\">&nbsp;<\/strong><span class=\"brz-cp-color2\">ist, ideal um den K\u00f6rper und Geist ins Gleichgewicht zu bringen und die eigene \u201eMitte\u201c zur\u00fcckzufinden.&nbsp;Das Pilates-Training st\u00e4rkt die tiefliegende Bauchmuskulatur, die Muskulatur des Beckenbodens und die stabilisierende Muskulatur der Wirbels\u00e4ule, wodurch&nbsp;die Haltung dauerhaft verbessert&nbsp;wird.<\/span><\/p>\n<\/div>\n<\/div>\n<\/div>\n<\/div>\n<\/div>\n<\/div>\n<\/div>\n<div class=\"brz-row__container brz-css-1nod3nh brz-css-w7wuiw\" data-brz-custom-id=\"biepytqpum\">\n<div class=\"brz-row brz-css-1hw8clz brz-css-1sbd9cg\">\n<div class=\"brz-columns brz-css-juwac0 brz-css-8med3k\" data-brz-custom-id=\"wuckgehebg\">\n<div class=\"brz-column__items brz-css-d1mvf1 brz-css-c4yo9\">\n<div id=\"\" class=\"brz-css-smkir9 brz-css-i40wq8 brz-wrapper\">\n<div class=\"brz-image brz-css-1mcpr6x brz-css-9xzcmh\" data-brz-custom-id=\"mggpqrviii\"><img decoding=\"async\" class=\"brz-img\" src=\"https:\/\/qitime.de\/wp-content\/uploads\/brizy\/imgs\/QiTime-Logo_Screen_Ohne_FINAL-150x136x0x4x150x127x1582676024.png\" alt=\"QiTime Logo\" title=\"QiTime Logo_Screen_Ohne_FINAL\" loading=\"lazy\"><\/div>\n<\/div>\n<div id=\"\" class=\"brz-css-smkir9 brz-css-1h04zdb brz-wrapper\">\n<div class=\"brz-rich-text brz-rich-text__custom brz-css-1883udj brz-css-k5nslw\" data-brz-custom-id=\"kcjnzjtsio\">\n<div data-brz-translate-text=\"1\">\n<p class=\"brz-text-lg-center brz-lh-lg-1_3 brz-lh-sm-im-1_3 brz-lh-xs-im-1_3 brz-fs-lg-32 brz-fs-sm-im-27 brz-fs-xs-im-22 brz-ls-lg-m_1 brz-ls-sm-im-0 brz-ls-xs-im-0 brz-ff-montserrat brz-fw-xs-400 brz-fw-sm-400 brz-fw-lg-300 brz-css-kVWsp\"><span class=\"brz-cp-color2\"><span>\u201cVerwurzelung, Geschmeidigkeit, Aufrichtung\u201d<\/span><\/span><\/p>\n<\/div>\n<\/div>\n<\/div>\n<\/div>\n<\/div>\n<\/div>\n<\/div>\n<\/div>\n<\/div>\n<\/section>\n<section id=\"cjmoeuwpqvzcnmdqgfhxgbrrvstgrqlywtnp_cjmoeuwpqvzcnmdqgfhxgbrrvstgrqlywtnp\" class=\"brz-section brz-css-wc28ju brz-css-95p3h1\">\n<div class=\"brz-section__content brz-section--boxed brz-css-1h5yrej brz-css-12hp0ep\" data-brz-custom-id=\"flnyjkwksrmmfxsjuewkeugsejespsjyttcw\">\n<div class=\"brz-bg\">\n<div class=\"brz-bg-image\"><\/div>\n<\/div>\n<div class=\"brz-container brz-css-1af767u brz-css-xthzhb\">\n<div class=\"brz-row__container brz-css-1xzp21a brz-css-1tpjmf0\" data-brz-custom-id=\"rqiqbyezfsxliqvdhytsodcrsognfzlxtyjq\">\n<div class=\"brz-row brz-css-9851x0 brz-css-dwy38m\">\n<div class=\"brz-columns brz-css-1kixgrw brz-css-t7g5i1\" data-brz-custom-id=\"uzwvcyooimzxsjlyqnjwxwvsuvsqguwzfwnn\">\n<div class=\"brz-bg\">\n<div class=\"brz-bg-color\"><\/div>\n<\/div>\n<div class=\"brz-column__items brz-css-lo420q brz-css-15hmohm\">\n<div id=\"\" class=\"brz-css-1530z30 brz-css-2vq7bq brz-wrapper\">\n<div class=\"brz-rich-text brz-rich-text__custom brz-css-tkknr7 brz-css-ydgips\" data-brz-custom-id=\"dhvtcwhllrkfswmkxsapkwieejiqcexehszs\">\n<div data-brz-translate-text=\"1\">\n<h3 class=\"brz-fw-xs-400 brz-text-lg-center brz-ls-lg-0 brz-ls-sm-im-0 brz-ls-xs-im-0 brz-ff-montserrat brz-fw-lg-400 brz-fw-sm-400 brz-lh-lg-5 brz-lh-sm-im-4_9 brz-lh-xs-im-4_9 brz-fs-lg-17 brz-fs-sm-im-14 brz-fs-xs-im-14 brz-css-xP0o8\"><span class=\"brz-cp-color2\"><span> <\/span><\/span><strong class=\"brz-cp-color2\"><span>Decolorante de carolina<\/span><\/strong><\/h3>\n<p class=\"brz-fw-xs-400 brz-text-lg-center brz-lh-lg-1_7 brz-lh-sm-im-1_6 brz-lh-xs-im-1_6 brz-fs-lg-17 brz-fs-sm-im-14 brz-fs-xs-im-14 brz-ls-lg-0 brz-ls-sm-im-0 brz-ls-xs-im-0 brz-ff-montserrat brz-fw-lg-400 brz-fw-sm-400 brz-css-dN_r_\"><span class=\"brz-cp-color2\"><span>Practicante de Shiatsu, formado en el Instituto Europeo de Shiatsu (Aprobado por GSD)<\/span><\/span><\/p>\n<p class=\"brz-fw-xs-400 brz-text-lg-center brz-lh-lg-1_7 brz-lh-sm-im-1_6 brz-lh-xs-im-1_6 brz-fs-lg-17 brz-fs-sm-im-14 brz-fs-xs-im-14 brz-ls-lg-0 brz-ls-sm-im-0 brz-ls-xs-im-0 brz-ff-montserrat brz-fw-lg-400 brz-fw-sm-400 brz-css-yCVcY\"><span class=\"brz-cp-color2\"><span> Entrenador de Pilates certificado de Berlin-Pilateslab, (tambi\u00e9n pre y postnatal)<\/span><\/span><\/p>\n<p class=\"brz-fw-xs-400 brz-text-lg-center brz-fs-lg-17 brz-fs-sm-im-14 brz-fs-xs-im-14 brz-ls-lg-0 brz-ls-sm-im-0 brz-ls-xs-im-0 brz-ff-montserrat brz-lh-lg-1_8 brz-lh-sm-im-1_7 brz-lh-xs-im-1_7 brz-fw-lg-400 brz-fw-sm-400 brz-css-tKF7u\"><span class=\"brz-cp-color2\"><span>bailarina etapa<\/span><\/span><\/p>\n<p class=\"brz-fw-xs-400 brz-tp-paragraph brz-text-lg-center brz-fw-lg-400 brz-fw-sm-400 brz-css-rOYDy\"><span class=\"brz-cp-color2\"><span>Hablo ingl\u00e9s, cada desfile Fran\u00e7ais, en ook Nederlands!&nbsp;<\/span><\/span><\/p>\n<\/div>\n<\/div>\n<\/div>\n<div class=\"brz-wrapper-clone brz-flex-xs-wrap brz-css-xocuvk brz-css-f1fsfe\" data-brz-custom-id=\"kekbvqsjcsdhlicebtvqmvjfndqopyfywpgd\"><a class=\"brz-a brz-btn brz-css-foto3 brz-css-usyfrn brz-css-4lqu4j brz-css-1qcw3v5\" href=\"https:\/\/buchung.treatwell.de\/ort\/qitime\/?utm_source=partner&amp;utm_medium=salon-site-embedded-book-now-widget\" target=\"_self\" rel=\"noopener\" data-brz-link-type=\"external\" data-brz-custom-id=\"beiotbfuwioonyuknhknzwfauurtekfahrma\"><span data-brz-translate-text=\"1\" class=\"brz-span brz-text__editor\">\u00a1Apenas haga una cita en l\u00ednea!<\/span><\/a><\/div>\n<\/div>\n<\/div>\n<\/div>\n<\/div>\n<\/div>\n<\/div>\n<\/section>\n<section id=\"7424d88871b6121cfe36_bjfkqmbwjd\" class=\"brz-section brz-css-1r6eiwd brz-css-ob6kub\">\n<div class=\"brz-section__content brz-section--fullWidth brz-css-1tqfx6g brz-css-w2us6j\" data-brz-custom-id=\"qfqlumthin\">\n<div class=\"brz-bg\">\n<div class=\"brz-bg-color\"><\/div>\n<\/div>\n<div class=\"brz-container brz-css-5s9cls brz-css-1ugqt2h\">\n<div class=\"brz-row__container brz-css-2x346z brz-css-1i6ckvv\" data-brz-custom-id=\"tohayalzbq\">\n<div class=\"brz-row brz-css-1et7irx brz-css-1ll0qp8\">\n<div class=\"brz-columns brz-css-1mi3n7b brz-css-3me555\" data-brz-custom-id=\"rlnomlpebi\">\n<div class=\"brz-bg\">\n<div class=\"brz-bg-image\"><\/div>\n<div class=\"brz-bg-color\"><\/div>\n<\/div>\n<div class=\"brz-column__items brz-css-5nb2i9 brz-css-qy3fyz\">\n<div class=\"brz-row__container brz-css-2x346z brz-css-1bfo174\" data-brz-custom-id=\"ojtbcxamse\">\n<div class=\"brz-row brz-row--inner brz-css-1et7irx brz-css-148l39i\">\n<div class=\"brz-columns brz-css-1mi3n7b brz-css-mty5gm\" data-brz-custom-id=\"ehblioxvcd\">\n<div class=\"brz-column__items brz-css-5nb2i9 brz-css-s2fw3e\">\n<div id=\"\" class=\"brz-css-of9per brz-css-q55oan brz-wrapper\">\n<div class=\"brz-rich-text brz-rich-text__custom brz-css-15m66r7 brz-css-7tnpco\" data-brz-custom-id=\"ttcxfbrfvl\">\n<div data-brz-translate-text=\"1\">\n<h3 class=\"brz-fs-sm-24 brz-tp-heading3 brz-css-dC572\"><span class=\"brz-cp-color2\"><span>Boletin de pilates<\/span><\/span><\/h3>\n<\/div>\n<\/div>\n<\/div>\n<div id=\"\" class=\"brz-css-of9per brz-css-1wj8zax brz-wrapper\">\n<div class=\"brz-rich-text brz-rich-text__custom brz-css-15m66r7 brz-css-18ckd2f\" data-brz-custom-id=\"sacffzidse\">\n<div data-brz-translate-text=\"1\">\n<p class=\"brz-tp-paragraph brz-css-ji_sY\"><span class=\"brz-cp-color7\">Mantente al d\u00eda y suscr\u00edbete al m\u00edo. <\/span><strong class=\"brz-cp-color7\">bolet\u00edn de baja frecuencia<\/strong><span class=\"brz-cp-color7\">, Te informo sobre ofertas y eventos relacionados con Pilates.<\/span><\/p>\n<\/div>\n<\/div>\n<\/div>\n<\/div>\n<\/div>\n<div class=\"brz-columns brz-css-1mi3n7b brz-css-wu24k5\" data-brz-custom-id=\"yptcgvzoca\">\n<div class=\"brz-column__items brz-css-5nb2i9 brz-css-1ffj8pa\">\n<div id=\"\" class=\"brz-css-of9per brz-css-s4koho brz-wrapper\">\n<div class=\"brz-forms brz-css-h0x92k brz-css-q4j59e\" data-brz-form-version=\"1\" data-brz-custom-id=\"pvxwauzdml\">\n<div class=\"brz-forms__fields brz-css-16mwul1 brz-css-e2st6e\">\n<div class=\"brz-forms__item brz-css-115r561 brz-css-1rsr2zd\"><\/div>\n<div class=\"brz-forms__item brz-css-115r561 brz-css-e8o4dv\"><\/div>\n<\/div>\n<p><button class=\"brz-btn brz-btn-submit brz-css-jpfemy brz-css-bzipk2\" data-brz-custom-id=\"uggwlwbbsb\"><span data-brz-translate-text=\"1\" class=\"brz-span brz-text__editor\">SUSCRIPCI\u00d3N<\/span><\/button><\/p>\n<div class=\"brz-g-recaptcha\" data-sitekey=\"\" data-size=\"invisible\" data-callback=\"brzFormV1Captcha\"><\/div>\n<\/div>\n<\/div>\n<\/div>\n<\/div>\n<\/div>\n<\/div>\n<\/div>\n<\/div>\n<div class=\"brz-columns brz-css-1mi3n7b brz-css-z4peyp\" data-brz-custom-id=\"xzkktsvyse\">\n<div class=\"brz-bg\">\n<div class=\"brz-bg-image\"><\/div>\n<div class=\"brz-bg-color\"><\/div>\n<\/div>\n<div class=\"brz-column__items brz-css-5nb2i9 brz-css-wwlb28\">\n<div class=\"brz-row__container brz-css-2x346z brz-css-ksan5d\" data-brz-custom-id=\"xqdddfqmjx\">\n<div class=\"brz-row brz-row--inner brz-css-1et7irx brz-css-otvws6\">\n<div class=\"brz-columns brz-css-1mi3n7b brz-css-djkc7x\" data-brz-custom-id=\"wkypgvqofu\">\n<div class=\"brz-column__items brz-css-5nb2i9 brz-css-8fqc5\">\n<div id=\"\" class=\"brz-css-of9per brz-css-w7g5m7 brz-wrapper\">\n<div class=\"brz-rich-text brz-rich-text__custom brz-css-15m66r7 brz-css-4m10l1\" data-brz-custom-id=\"ppayiwzmmt\">\n<div data-brz-translate-text=\"1\">\n<h3 class=\"brz-fs-sm-24 brz-tp-heading3 brz-css-x5KUs\"><span class=\"brz-cp-color2\"><span>Bolet\u00edn de noticias de Shiatsu<\/span><\/span><\/h3>\n<\/div>\n<\/div>\n<\/div>\n<div id=\"\" class=\"brz-css-of9per brz-css-1j7ii67 brz-wrapper\">\n<div class=\"brz-rich-text brz-rich-text__custom brz-css-15m66r7 brz-css-1jhrfxo\" data-brz-custom-id=\"xtbvdsplpq\">\n<div data-brz-translate-text=\"1\">\n<p class=\"brz-tp-lg-paragraph brz-css-r1kCd\" data-uniq-id=\"iq1o9\" data-generated-css=\"brz-css-etYMS\"><span class=\"brz-cp-color7\">Mantente al d\u00eda y suscr\u00edbete al m\u00edo. <\/span><strong class=\"brz-cp-color7\">bolet\u00edn de baja frecuencia<\/strong><span class=\"brz-cp-color7\">, Te informo sobre ofertas y eventos relacionados con Shiatsu.<\/span><\/p>\n<\/div>\n<\/div>\n<\/div>\n<\/div>\n<\/div>\n<div class=\"brz-columns brz-css-1mi3n7b brz-css-5tabpt\" data-brz-custom-id=\"odnduevavu\">\n<div class=\"brz-column__items brz-css-5nb2i9 brz-css-w8yq63\">\n<div id=\"\" class=\"brz-css-of9per brz-css-11g7x81 brz-wrapper\">\n<div class=\"brz-forms brz-css-h0x92k brz-css-bbu1l1\" data-brz-form-version=\"1\" data-brz-custom-id=\"jqyhfokfrb\">\n<div class=\"brz-forms__fields brz-css-16mwul1 brz-css-68n25o\">\n<div class=\"brz-forms__item brz-css-115r561 brz-css-1m4052r\"><\/div>\n<div class=\"brz-forms__item brz-css-115r561 brz-css-t793xt\"><\/div>\n<\/div>\n<p><button class=\"brz-btn brz-btn-submit brz-css-jpfemy brz-css-ig7uqq\" data-brz-custom-id=\"mvubjzxijg\"><span data-brz-translate-text=\"1\" class=\"brz-span brz-text__editor\">SUSCRIPCI\u00d3N<\/span><\/button><\/p>\n<div class=\"brz-g-recaptcha\" data-sitekey=\"\" data-size=\"invisible\" data-callback=\"brzFormV1Captcha\"><\/div>\n<\/div>\n<\/div>\n<\/div>\n<\/div>\n<\/div>\n<\/div>\n<\/div>\n<\/div>\n<\/div>\n<\/div>\n<\/div>\n<\/div>\n<\/section><\/div>\n<p><!-- version:1756995795 --><\/p>","protected":false},"excerpt":{"rendered":"<p>SHIATSU unterst\u00fctzt uns, den freien Fluss unserer Lebensenergie wieder herzustellen und ihn beizubehalten. Es stellt somit eine wertvolle Hilfe in jedem Heilungsprozess dar. Shiatsu ist wahrscheinlich&nbsp;die entspannteste Art etwas Gesundes f\u00fcr ihren K\u00f6rper zu tun!&nbsp;&nbsp;PRAXIS:&nbsp;&#8222;Cornus Praxis&#8220; Gustav-Adolf Stra\u00dfe 159, 13086 Berlin FUSION&nbsp;In der \u201eFusion\u201c Privatstunde kombinieren wir Pilates mit Shiatsu. Das Einf\u00fcgen von Shiatsu-Anwendungen w\u00e4hrend [&hellip;]<\/p>\n","protected":false},"author":1,"featured_media":0,"parent":0,"menu_order":0,"comment_status":"closed","ping_status":"closed","template":"brizy-blank-template.php","meta":{"_seopress_robots_primary_cat":"","_seopress_titles_title":"QiTime \u2013 Shiatsu und Pilates in Berlin Prenzlauer Berg","_seopress_titles_desc":"QiTime ist das vitalisierende Angebot von Caroline Decoster. Als Shiatsu-Therapeutin und mit Pilates-Stunden tr\u00e4gt sie zur Revitalisierung eures K\u00f6rpers und Geists bei.","_seopress_robots_index":"","iawp_total_views":3217,"footnotes":""},"class_list":["post-33","page","type-page","status-publish","hentry"],"blocksy_meta":[],"brizy_media":[{"id":39,"url":"https:\/\/qitime.de\/wp-content\/uploads\/2018\/12\/Shiatsu_impressions1_result.jpg","name":"Shiatsu_impressions1_result.jpg","meta":{"brizy_attachment_uid":"wp-9459c68671c7a5470d629d1dd9a67208","brizy_post_uid":["cfd417dccc462a39bb7a7b1db460a835","6582c25c58f78b99185f01ee3980087b"]}},{"id":42,"url":"https:\/\/qitime.de\/wp-content\/uploads\/2018\/12\/Shiatsu_impressions4_result.jpg","name":"Shiatsu_impressions4_result.jpg","meta":{"brizy_attachment_uid":"wp-d8deb6c37c4530a40e3db694b6c8a829","brizy_post_uid":["cfd417dccc462a39bb7a7b1db460a835"]}},{"id":46,"url":"https:\/\/qitime.de\/wp-content\/uploads\/2018\/12\/Shiatsu_impressions8_result.jpg","name":"Shiatsu_impressions8_result.jpg","meta":{"brizy_attachment_uid":"wp-eebdd7b706d26af356eea5af27483f88","brizy_post_uid":["6582c25c58f78b99185f01ee3980087b","cfd417dccc462a39bb7a7b1db460a835"]}},{"id":48,"url":"https:\/\/qitime.de\/wp-content\/uploads\/2018\/12\/Shiatsu_impressions10_result.jpg","name":"Shiatsu_impressions10_result.jpg","meta":{"brizy_attachment_uid":"wp-fa730c535939e534c84c9c676ecd2b3b","brizy_post_uid":["cfd417dccc462a39bb7a7b1db460a835","e2c8d9e3fda7b3f34191ceac89f46ef2","6582c25c58f78b99185f01ee3980087b"]}},{"id":55,"url":"https:\/\/qitime.de\/wp-content\/uploads\/2018\/12\/Pilates_Class2_result.jpg","name":"Pilates_Class2_result.jpg","meta":{"brizy_attachment_uid":"wp-ded384314412eb01adb65b2c727462d0","brizy_post_uid":["cfd417dccc462a39bb7a7b1db460a835"]}},{"id":56,"url":"https:\/\/qitime.de\/wp-content\/uploads\/2018\/12\/Pilates_Class3_result.jpg","name":"Pilates_Class3_result.jpg","meta":{"brizy_attachment_uid":"wp-9605005d8036c94a2bd3ef35f8a97e8f","brizy_post_uid":["f7451fae8a4a84a1695e53eae66efcce","cfd417dccc462a39bb7a7b1db460a835"]}},{"id":57,"url":"https:\/\/qitime.de\/wp-content\/uploads\/2018\/12\/Caroline36_result.jpg","name":"Caroline36_result.jpg","meta":{"brizy_attachment_uid":"wp-cf341a2cb54e8bdf7b56fadb71ccd53a","brizy_post_uid":["62870b16c4bc25a3051594399fc99ce7","cfd417dccc462a39bb7a7b1db460a835"]}},{"id":61,"url":"https:\/\/qitime.de\/wp-content\/uploads\/2018\/12\/Yoga_positions3_result.jpg","name":"Yoga_positions3_result.jpg","meta":{"brizy_attachment_uid":"wp-f6febbb65ac73264acb7baf7716f5216","brizy_post_uid":["cfd417dccc462a39bb7a7b1db460a835","f7451fae8a4a84a1695e53eae66efcce"]}},{"id":62,"url":"https:\/\/qitime.de\/wp-content\/uploads\/2018\/12\/Yoga_positions4_result.jpg","name":"Yoga_positions4_result.jpg","meta":{"brizy_attachment_uid":"wp-8b136f8d3f4e104231f770a1ddaaa482","brizy_post_uid":["2b4c36cf75adb2c917b90c8c72776db2","cfd417dccc462a39bb7a7b1db460a835"]}},{"id":63,"url":"https:\/\/qitime.de\/wp-content\/uploads\/2018\/12\/QiTime_Logo_print_ohne.png","name":"QiTime_Logo_print_ohne.png","meta":{"brizy_attachment_uid":"wp-3201ec6f2fc155ffb4314aa1ee5455e5","brizy_post_uid":["cfd417dccc462a39bb7a7b1db460a835"]}},{"id":69,"url":"https:\/\/qitime.de\/wp-content\/uploads\/2018\/12\/Arc_result.jpg","name":"Arc_result.jpg","meta":{"brizy_attachment_uid":"wp-04c5cdfddc85edd2deb6518906f18d9f","brizy_post_uid":["cfd417dccc462a39bb7a7b1db460a835","f7451fae8a4a84a1695e53eae66efcce"]}},{"id":75,"url":"https:\/\/qitime.de\/wp-content\/uploads\/2018\/12\/Yoga_positions7_result.jpg","name":"Yoga_positions7_result.jpg","meta":{"brizy_attachment_uid":"wp-37955f40970a3386f93e82e2c5559913","brizy_post_uid":["2b4c36cf75adb2c917b90c8c72776db2","cfd417dccc462a39bb7a7b1db460a835"]}},{"id":325,"url":"https:\/\/qitime.de\/wp-content\/uploads\/2018\/12\/IMG_1696-1.jpg","name":"IMG_1696-1.jpg","meta":{"brizy_attachment_uid":"wp-eb1858dbf90a00d4dfcc0c419bc4a749","brizy_post_uid":["f7451fae8a4a84a1695e53eae66efcce","cfd417dccc462a39bb7a7b1db460a835"]}},{"id":615,"url":"https:\/\/qitime.de\/wp-content\/uploads\/brizy\/33\/assets\/images\/0232fc1ad248569faa5f648cfaf8f250.png","name":"0232fc1ad248569faa5f648cfaf8f250-png","meta":{"brizy_attachment_uid":"0232fc1ad248569faa5f648cfaf8f250.png","brizy_post_uid":["cfd417dccc462a39bb7a7b1db460a835"]}},{"id":617,"url":"https:\/\/qitime.de\/wp-content\/uploads\/2019\/01\/LogoTemp.png","name":"LogoTemp.png","meta":{"brizy_attachment_uid":"wp-f9924af20027072a0b1f597dc972d9f7","brizy_post_uid":["cfd417dccc462a39bb7a7b1db460a835","2b4c36cf75adb2c917b90c8c72776db2"]}},{"id":1096,"url":"https:\/\/qitime.de\/wp-content\/uploads\/2019\/11\/QiTime_Logo_ohne_SCREEN.png","name":"QiTime_Logo_ohne_SCREEN.png","meta":{"brizy_attachment_uid":"wp-df97c6a44cfed49ddd385d5832acaacf","brizy_post_uid":["cfd417dccc462a39bb7a7b1db460a835","2b4c36cf75adb2c917b90c8c72776db2"]}},{"id":1333,"url":"https:\/\/qitime.de\/wp-content\/uploads\/2019\/11\/QiTime-Logo_Screen_Ohne_FINAL.png","name":"QiTime-Logo_Screen_Ohne_FINAL.png","meta":{"brizy_attachment_uid":"wp-fbd37db0e3048187c3835c93f5023e89","brizy_post_uid":["cfd417dccc462a39bb7a7b1db460a835","2b4c36cf75adb2c917b90c8c72776db2"]}},{"id":1336,"url":"https:\/\/qitime.de\/wp-content\/uploads\/2019\/11\/QiTime-Logo_Screen_Ohne_FINAL-1.png","name":"QiTime-Logo_Screen_Ohne_FINAL-1.png","meta":{"brizy_attachment_uid":"wp-8e773068b74d3ce243523b7a257d0478","brizy_post_uid":["cfd417dccc462a39bb7a7b1db460a835"]}}],"_links":{"self":[{"href":"https:\/\/qitime.de\/es\/wp-json\/wp\/v2\/pages\/33","targetHints":{"allow":["GET"]}}],"collection":[{"href":"https:\/\/qitime.de\/es\/wp-json\/wp\/v2\/pages"}],"about":[{"href":"https:\/\/qitime.de\/es\/wp-json\/wp\/v2\/types\/page"}],"author":[{"embeddable":true,"href":"https:\/\/qitime.de\/es\/wp-json\/wp\/v2\/users\/1"}],"replies":[{"embeddable":true,"href":"https:\/\/qitime.de\/es\/wp-json\/wp\/v2\/comments?post=33"}],"version-history":[{"count":10,"href":"https:\/\/qitime.de\/es\/wp-json\/wp\/v2\/pages\/33\/revisions"}],"predecessor-version":[{"id":3080,"href":"https:\/\/qitime.de\/es\/wp-json\/wp\/v2\/pages\/33\/revisions\/3080"}],"wp:attachment":[{"href":"https:\/\/qitime.de\/es\/wp-json\/wp\/v2\/media?parent=33"}],"curies":[{"name":"wp","href":"https:\/\/api.w.org\/{rel}","templated":true}]}}