{"id":107,"date":"2019-12-21T14:13:35","date_gmt":"2019-12-21T14:13:35","guid":{"rendered":"https:\/\/qitime.de\/?page_id=107"},"modified":"2026-04-06T23:46:32","modified_gmt":"2026-04-06T23:46:32","slug":"about","status":"publish","type":"page","link":"https:\/\/qitime.de\/fr\/about\/","title":{"rendered":"\u00c0 propos de moi"},"content":{"rendered":"<div class=\"brz brz-root__container brz-reset-all brz-root__container-page\">\n<section id=\"vfggeftxpv_vfggeftxpv\" class=\"brz-section brz-css-oup8gj brz-css-rwh343\">\n<div class=\"brz-section__content brz-section--boxed brz-css-1vv90k9 brz-css-dgy1pr\" data-brz-custom-id=\"dinqfajbod\">\n<div class=\"brz-container brz-css-1navbih brz-css-158auw4\">\n<div class=\"brz-row__container brz-css-1sbjnua brz-css-1ctk3fw\" data-brz-custom-id=\"phwnbyzqeh\">\n<div class=\"brz-row brz-css-1kb87p0 brz-css-14wq6y0\">\n<div class=\"brz-columns brz-css-1e24cuc brz-css-w6qr24\" data-brz-custom-id=\"ynyydehlrm\">\n<div class=\"brz-bg\">\n<div class=\"brz-bg-color\"><\/div>\n<\/div>\n<div class=\"brz-column__items brz-css-1u6dwa2 brz-css-1qhkg0s\">\n<div id=\"\" class=\"brz-css-1eyryoc brz-css-ncdqdl brz-wrapper\">\n<div class=\"brz-rich-text brz-rich-text__custom brz-css-xbf1th brz-css-wpq1ej\" data-brz-custom-id=\"andaykbcnkaoajfmkyaigwminxskoeeeuiih\">\n<div data-brz-translate-text=\"1\">\n<p class=\"brz-fw-xs-im-300 brz-fw-sm-im-300 brz-fw-lg-300 brz-lh-xs-im-1_9 brz-lh-lg-2 brz-ls-lg-0 brz-ls-xs-im-0 brz-text-lg-center brz-ff-lato brz-ls-sm-0_5 brz-fs-sm-30 brz-lh-sm-2_6 brz-fs-lg-29 brz-fs-xs-im-26 brz-css-zPPTN\"><span class=\"brz-cp-color2\">\u201eIch freue mich Menschen&nbsp;in ihrer K\u00f6rperarbeit und&nbsp;ihrem K\u00f6rperbewu\u00dftsein unterst\u00fctzen zu d\u00fcrfen.\u201c<\/span><\/p>\n<\/div>\n<\/div>\n<\/div>\n<div id=\"\" class=\"brz-css-1eyryoc brz-css-1lyeln7 brz-wrapper\">\n<div class=\"brz-rich-text brz-rich-text__custom brz-css-xbf1th brz-css-16ksvp2\" data-brz-custom-id=\"crnlwsrkfkrninvycaiisvgvlyjzvbxcsdyg\">\n<div data-brz-translate-text=\"1\">\n<p class=\"brz-fs-xs-im-26 brz-fs-lg-29 brz-lh-sm-2_6 brz-fs-sm-30 brz-ls-sm-0_5 brz-ff-lato brz-text-lg-center brz-ls-xs-im-0 brz-ls-lg-0 brz-lh-lg-2 brz-lh-xs-im-1_9 brz-fw-lg-300 brz-fw-sm-im-300 brz-fw-xs-im-300 brz-css-avN_8\"><span class=\"brz-cp-color2\"> <\/span><\/p>\n<\/div>\n<\/div>\n<\/div>\n<div id=\"\" class=\"brz-css-1eyryoc brz-css-ww22b1 brz-wrapper\">\n<div class=\"brz-image brz-css-ejb52v brz-css-qv3b1u\" data-brz-custom-id=\"qskmhaupbv\"><img decoding=\"async\" class=\"brz-img\" src=\"https:\/\/qitime.de\/wp-content\/uploads\/brizy\/imgs\/Portrait_result-677x693x148x0x354x693x1582676351.jpg\" loading=\"lazy\" alt=\"Caroline Decoster\" title=\"Portrait\"><\/div>\n<\/div>\n<\/div>\n<\/div>\n<div class=\"brz-columns brz-css-1e24cuc brz-css-1cv2xp1\" data-brz-custom-id=\"tdpegtdalh\">\n<div class=\"brz-column__items brz-css-1u6dwa2 brz-css-1mhzd5u\">\n<div id=\"\" class=\"brz-css-1eyryoc brz-css-1cgw04x brz-wrapper\">\n<div class=\"brz-rich-text brz-rich-text__custom brz-css-xbf1th brz-css-9unvla\" data-brz-custom-id=\"wfnjnnesqg\">\n<div data-brz-translate-text=\"1\">\n<p class=\"brz-tp-lg-heading2 brz-fs-xs-29 brz-fss-xs-px brz-fw-xs-400 brz-ls-xs-m_0_5 brz-lh-xs-1_3 brz-vfw-xs-400 brz-fwdth-xs-100 brz-fsft-xs-0 brz-tp-xs-heading2 brz-fs-sm-35 brz-fss-sm-px brz-fw-sm-700 brz-ls-sm-m_0_5 brz-lh-sm-1_3 brz-vfw-sm-400 brz-fwdth-sm-100 brz-fsft-sm-0 brz-tp-sm-heading2 brz-css-vLvjs\" data-generated-css=\"brz-css-uJUXA\" data-uniq-id=\"rVN4j\"><span class=\"brz-cp-color2\">Caroline Decoster<\/span><span class=\"brz-cp-color7\">&nbsp;<\/span><\/p>\n<\/div>\n<\/div>\n<\/div>\n<div id=\"\" class=\"brz-css-1eyryoc brz-css-dsg0ib brz-wrapper\">\n<div class=\"brz-rich-text brz-rich-text__custom brz-css-xbf1th brz-css-11cezom\" data-brz-custom-id=\"bkrgokzjtjrsowhmzjyjjsfccmjcckfjyysp\">\n<div data-brz-translate-text=\"1\">\n<p class=\"brz-tp-paragraph brz-css-qLOCu\"><span class=\"brz-cp-color7\">Caroline Decoster kommt aus Belgien und ist eine professionelle T\u00e4nzerin und zertifizierte Pilates-Lehrerin, die seit 2007 in Berlin arbeitet und lebt. Von 1993-1997 studierte sie in Amsterdam in den Niederlanden&nbsp;Tanz und Performance Arts. Im Rahmen verschiedener Shows reiste sie durch Europa und in die USA. Nach 10 Jahren in der professionellen Tanzwelt wird Caroline 2007 schwanger mit ihrer Tochter und zieht nach Berlin um. 2008 absolviert sie einen 10-monatigen Trainingskurs im&nbsp;Pilateslab Berlin. Inhalte und Schwerpunkte der Ausbildung sind Pilates Theorie und Praxis, Anatomie, Haltungsanalyse und die damit in Verbindung stehende Physiotherapie. Hochschwanger mit ihrem Sohn, l\u00e4sst sich&nbsp;Caroline 2010 f\u00fcr Pilates\/Yogilates w\u00e4hrend und nach der Schwangerschaft ausbilden. <\/span><\/p>\n<\/div>\n<\/div>\n<\/div>\n<div id=\"\" class=\"brz-css-1eyryoc brz-css-1fwynmw brz-wrapper\">\n<div class=\"brz-rich-text brz-rich-text__custom brz-css-xbf1th brz-css-1vopnfp\" data-brz-custom-id=\"ekpzoewypcuiivskmuvjxoqgjgcjaffqcakc\">\n<div data-brz-translate-text=\"1\">\n<p class=\"brz-tp-paragraph brz-css-cUPPD\"><span class=\"brz-cp-color7\">Als Mutter von zwei Kinder arbeitet sie als Pilates\/ Yogilates Trainerin in verschiedene Studios in Berlin. (Pilateslab,&nbsp;Yoga am Arnimplatz,&nbsp;Volkshochschule&nbsp;Boddinstra\u00dfe; Prenzlauer Allee; Schulstra\u00dfe etc.) 2014 schlie\u00dft sie ihre Shiatsu Ausbildung mit Schwerpunktsetzung auf dem Klassischen Meridian-system am&nbsp;Europ\u00e4ischen Shiatsu Institut&nbsp;(ESI) in Berlin ab. Gleich im Anschlu\u00df erlernt sie das erweiterte Meridian-system nach Masunaga. Mit vertiefenden Seminaren bildet sie sich kontinuierlich weiter. Schon in&nbsp;ihrer&nbsp;Tanzkarriere war&nbsp;sie begeistert von Shiatsu und merkte, wie die Behandlungen sie in ihrer anspruchsvollen T\u00e4tigkeit als T\u00e4nzerin unterst\u00fctzten. Auch w\u00e4hrend ihrer zweiten Schwangerschaft l\u00e4sst sie sich w\u00f6chentlich behandeln. Am eigenen K\u00f6rper erlebt sie den positiven Einfluss der Shiatsu Behandlungen auf die Geburt und das wohlbefinden von Mutter und Kind. Sie arbeitet in der R\u00e4umen von&nbsp;\u201e<\/span><a class=\"link--external brz-cp-color7\" href=\"https:\/\/das-shiatsu-zimmer.de\/\" data-brz-link-type=\"external\">Das Shiatsu Zimmer<\/a><span class=\"brz-cp-color7\">\u201c&nbsp;&nbsp;Gustav-Adolf Stra\u00dfe 159, 13086 Berlin.<\/span><\/p>\n<\/div>\n<\/div>\n<\/div>\n<\/div>\n<\/div>\n<\/div>\n<\/div>\n<\/div>\n<\/div>\n<\/section>\n<section id=\"86e4549e71350eed3635_dmwqxyhmwl\" class=\"brz-section brz-css-9s92dq brz-css-xtiqjy\">\n<div class=\"brz-section__content brz-section--boxed brz-css-181mxkd brz-css-8610od\" data-brz-custom-id=\"hgpwzkjcat\">\n<div class=\"brz-bg\">\n<div class=\"brz-bg-image\"><\/div>\n<\/div>\n<div class=\"brz-container brz-css-4hgfaw brz-css-1jeeu72\">\n<div class=\"brz-row__container brz-css-lymqau brz-css-1k4sj8t\" data-brz-custom-id=\"arbavzuitq\">\n<div class=\"brz-row brz-css-frwcs6 brz-css-mrlsdw\">\n<div class=\"brz-columns brz-css-1ek24iz brz-css-bywdnr\" data-brz-custom-id=\"vbycfetcap\">\n<div class=\"brz-bg\">\n<div class=\"brz-bg-color\"><\/div>\n<\/div>\n<div class=\"brz-column__items brz-css-z37v03 brz-css-1gnxb1v\">\n<div class=\"brz-row__container brz-css-lymqau brz-css-1r6q8te\" data-brz-custom-id=\"lghjkcrbxh\">\n<div class=\"brz-row brz-row--inner brz-css-frwcs6 brz-css-1wu0bzj\">\n<div class=\"brz-columns brz-css-1ek24iz brz-css-3uq4rj\" data-brz-custom-id=\"idghvwdtdq\">\n<div class=\"brz-column__items brz-css-z37v03 brz-css-1hccz70\">\n<div id=\"\" class=\"brz-css-180cvbz brz-css-t6zxe9 brz-wrapper\">\n<div class=\"brz-rich-text brz-rich-text__custom brz-css-1o79uuy brz-css-1u3koj0\" data-brz-custom-id=\"hlqgzksbgk\">\n<div data-brz-translate-text=\"1\">\n<h2 class=\"brz-text-lg-center brz-tp-heading4 brz-css-lpFnx\"><span class=\"brz-cp-color2\"><span>R\u00c9F\u00c9RENCES<\/span><\/span><\/h2>\n<\/div>\n<\/div>\n<\/div>\n<\/div>\n<\/div>\n<\/div>\n<\/div>\n<div class=\"brz-row__container brz-css-lymqau brz-css-1xrc8o5\" data-brz-custom-id=\"ihnnpkbbrn\">\n<div class=\"brz-row brz-row--inner brz-css-frwcs6 brz-css-1akwouh\">\n<div class=\"brz-columns brz-css-1ek24iz brz-css-9i4lsg\" data-brz-custom-id=\"yfrrphoglq\">\n<div class=\"brz-column__items brz-css-z37v03 brz-css-n42w3z\">\n<div id=\"\" class=\"brz-css-180cvbz brz-css-eu9gpq brz-wrapper\">\n<div class=\"brz-rich-text brz-rich-text__custom brz-css-1o79uuy brz-css-1bwr7lq\" data-brz-custom-id=\"rqfenzpkhh\">\n<div data-brz-translate-text=\"1\">\n<p class=\"brz-fw-lg-400 brz-fw-xs-im-300 brz-ff-lato brz-ls-xs-im-0 brz-ls-sm-im-0 brz-ls-lg-0 brz-fs-xs-im-15 brz-fs-sm-im-15 brz-fs-lg-18 brz-lh-xs-im-1_6 brz-lh-sm-im-1_6 brz-lh-lg-1_7 brz-fw-sm-400 brz-css-wJsFu\"><span class=\"brz-cp-color2\"> \u201cIn ihren praktischen Unterrichtsstunden, geht es nicht vordergr\u00fcndig um das Vermitteln von Pilates \u00dcbungen.&nbsp;Das Vermitteln bestimmter Grundprinzipien, die das Training gesundheitsorientiert und besonders machen, zielt genau auf die individuellen F\u00e4higkeiten jedes einzelnen Klienten ab und steht im Mittelpunkt. Durch ihre freundliche, offene Art vermittelt Sie eine angenehme Atmosph\u00e4re, in der sich jeder Klient gut aufgehoben f\u00fchlt. Ich kann Ihnen Frau Decoster w\u00e4rmstens empfehlen.\u201d\u2013&nbsp;<\/span><em class=\"brz-cp-color2\">Anja Kursawe, Inhaberin&nbsp;Pilateslab-Berlin<\/em><\/p>\n<\/div>\n<\/div>\n<\/div>\n<\/div>\n<\/div>\n<\/div>\n<\/div>\n<div class=\"brz-row__container brz-css-lymqau brz-css-jm0f83\" data-brz-custom-id=\"foxxralnwh\">\n<div class=\"brz-row brz-row--inner brz-css-frwcs6 brz-css-1hxs48\">\n<div class=\"brz-columns brz-css-1ek24iz brz-css-1uns7pu\" data-brz-custom-id=\"owqkktrqwr\">\n<div class=\"brz-column__items brz-css-z37v03 brz-css-1ctf8p5\">\n<div id=\"\" class=\"brz-css-180cvbz brz-css-1rtqf3j brz-wrapper\">\n<div class=\"brz-rich-text brz-rich-text__custom brz-css-1o79uuy brz-css-c7un88\" data-brz-custom-id=\"etgvwfjmav\">\n<div data-brz-translate-text=\"1\">\n<p class=\"brz-fw-lg-400 brz-ff-lato brz-ls-xs-im-0 brz-ls-sm-im-0 brz-ls-lg-0 brz-fs-xs-im-15 brz-fs-sm-im-15 brz-fs-lg-18 brz-lh-xs-im-1_6 brz-lh-sm-im-1_6 brz-lh-lg-1_7 brz-fw-sm-400 brz-fw-xs-400 brz-css-sbVci\"><span class=\"brz-cp-color2\">&quot;En raison de ses comp\u00e9tences professionnelles et p\u00e9dagogiques, Mme Decoster est tr\u00e8s appr\u00e9ci\u00e9e des participants et contribue grandement \u00e0 la qualit\u00e9 du programme de cours dans le domaine de programme&quot; \u00c9ducation \u00e0 la sant\u00e9 &quot;.&quot; -&nbsp;<\/span><em class=\"brz-cp-color2\">Herr Kerkhoff, Stellv. Direktor an&nbsp;Otto-Suhr-Volkshochschule<\/em><\/p>\n<\/div>\n<\/div>\n<\/div>\n<\/div>\n<\/div>\n<\/div>\n<\/div>\n<div class=\"brz-row__container brz-css-lymqau brz-css-y99cz5\" data-brz-custom-id=\"xgjuhtpewy\">\n<div class=\"brz-row brz-row--inner brz-css-frwcs6 brz-css-ce6lu1\">\n<div class=\"brz-columns brz-css-1ek24iz brz-css-9g9zfn\" data-brz-custom-id=\"kentznfajg\">\n<div class=\"brz-column__items brz-css-z37v03 brz-css-fnla1h\">\n<div id=\"\" class=\"brz-css-180cvbz brz-css-ureac7 brz-wrapper\">\n<div class=\"brz-rich-text brz-rich-text__custom brz-css-1o79uuy brz-css-aa5cqr\" data-brz-custom-id=\"nqsjgxsyii\">\n<div data-brz-translate-text=\"1\">\n<p class=\"brz-fw-lg-400 brz-ff-lato brz-ls-xs-im-0 brz-ls-sm-im-0 brz-ls-lg-0 brz-fs-xs-im-15 brz-fs-sm-im-15 brz-fs-lg-18 brz-lh-xs-im-1_6 brz-lh-sm-im-1_6 brz-lh-lg-1_7 brz-fw-sm-400 brz-fw-xs-400 brz-css-ir_pZ\"><span class=\"brz-cp-color2\">&quot;J\u2019\u00e9tais \u00e9tudiante pendant trois ans avec Mme Decoster quand elle a d\u00e9velopp\u00e9 avec succ\u00e8s l\u2019offre de Pilates chez VHS \/ Boddinstrasse. Elle entra\u00eenait les \u00e9tudiants, individuellement et en groupe, avec beaucoup de pr\u00e9cision et d&#039;empathie, et transmettait l&#039;enseignement de Joseph Pilates de mani\u00e8re vivante et d&#039;une qualit\u00e9 p\u00e9dagogique \u00e9lev\u00e9e. Parall\u00e8lement, elle a int\u00e9gr\u00e9 ses connaissances de base au ballet classique, qui faisait de chaque heure une exp\u00e9rience exigeante tant sur le plan physique qu&#039;esth\u00e9tique et cr\u00e9atif-ludique, ce qui m&#039;a particuli\u00e8rement impressionn\u00e9 par la combinaison de renforcement musculaire et d&#039;\u00e9tirement et de la mobilisation douce des articulations. au bout d&#039;une heure a \u00e9t\u00e9 compl\u00e9t\u00e9 par une courte application de l&#039;acupressure. Pour moi personnellement, votre approche p\u00e9dagogique holistique \u00e9tait bien plus efficace et b\u00e9n\u00e9fique pour la sant\u00e9 que toute autre forme de th\u00e9rapie physique que je n\u2019ai pas utilis\u00e9e depuis lors pour ma scoliose. Gr\u00e2ce \u00e0 son travail constant sur moi, les plaintes de longue dur\u00e9e pourraient \u00eatre consid\u00e9rablement att\u00e9nu\u00e9es ou compl\u00e8tement gu\u00e9ries ainsi qu&#039;une image corporelle holistique et des sensations uniques pour la premi\u00e8re fois. Son exp\u00e9rience en acupression a un effet apaisant, transformateur et cicatrisant. En r\u00e9sum\u00e9, c&#039;\u00e9tait un grand privil\u00e8ge de s&#039;entra\u00eener avec Mme Decoster. &quot;-<\/span><em class=\"brz-cp-color2\">Dr. Isabel Segler, universitaire asiatique<\/em><\/p>\n<\/div>\n<\/div>\n<\/div>\n<\/div>\n<\/div>\n<\/div>\n<\/div>\n<\/div>\n<\/div>\n<\/div>\n<\/div>\n<\/div>\n<\/div>\n<\/section><\/div>\n<p><!-- version:1756995973 --><\/p>","protected":false},"excerpt":{"rendered":"<p>\u201eIch freue mich Menschen&nbsp;in ihrer K\u00f6rperarbeit und&nbsp;ihrem K\u00f6rperbewu\u00dftsein unterst\u00fctzen zu d\u00fcrfen.\u201c Caroline Decoster&nbsp; Caroline Decoster kommt aus Belgien und ist eine professionelle T\u00e4nzerin und zertifizierte Pilates-Lehrerin, die seit 2007 in Berlin arbeitet und lebt. Von 1993-1997 studierte sie in Amsterdam in den Niederlanden&nbsp;Tanz und Performance Arts. Im Rahmen verschiedener Shows reiste sie durch Europa und [&hellip;]<\/p>\n","protected":false},"author":1,"featured_media":0,"parent":0,"menu_order":0,"comment_status":"closed","ping_status":"closed","template":"brizy-blank-template.php","meta":{"_seopress_robots_primary_cat":"","_seopress_titles_title":"Caroline Decoster ist Shiatsu Therapeutin, Pilates Lehrerin, Tanzp\u00e4dagogin","_seopress_titles_desc":"Mit ihrer Arbeit als Shiatsu-Therapeutin (GSD anerkannt) und Pilates-Stunden tr\u00e4gt sie an der Revitalisierung eures K\u00f6rpers und Geists bei.","_seopress_robots_index":"","iawp_total_views":738,"footnotes":""},"class_list":["post-107","page","type-page","status-publish","hentry"],"blocksy_meta":[],"brizy_media":[{"id":57,"url":"https:\/\/qitime.de\/wp-content\/uploads\/2018\/12\/Caroline36_result.jpg","name":"Caroline36_result.jpg","meta":{"brizy_attachment_uid":"wp-cf341a2cb54e8bdf7b56fadb71ccd53a","brizy_post_uid":["62870b16c4bc25a3051594399fc99ce7","cfd417dccc462a39bb7a7b1db460a835"]}},{"id":58,"url":"https:\/\/qitime.de\/wp-content\/uploads\/2018\/12\/Portrait_result.jpg","name":"Portrait_result.jpg","meta":{"brizy_attachment_uid":"wp-2663ff518965811bfaecf7dd52c367b7","brizy_post_uid":["62870b16c4bc25a3051594399fc99ce7"]}},{"id":324,"url":"https:\/\/qitime.de\/wp-content\/uploads\/2018\/12\/IMG_1695-1.jpg","name":"IMG_1695-1.jpg","meta":{"brizy_attachment_uid":"wp-62f2ba16ec47dc8b31400e984c01c9a9","brizy_post_uid":["f7451fae8a4a84a1695e53eae66efcce","62870b16c4bc25a3051594399fc99ce7","6582c25c58f78b99185f01ee3980087b","2b4c36cf75adb2c917b90c8c72776db2"]}}],"_links":{"self":[{"href":"https:\/\/qitime.de\/fr\/wp-json\/wp\/v2\/pages\/107","targetHints":{"allow":["GET"]}}],"collection":[{"href":"https:\/\/qitime.de\/fr\/wp-json\/wp\/v2\/pages"}],"about":[{"href":"https:\/\/qitime.de\/fr\/wp-json\/wp\/v2\/types\/page"}],"author":[{"embeddable":true,"href":"https:\/\/qitime.de\/fr\/wp-json\/wp\/v2\/users\/1"}],"replies":[{"embeddable":true,"href":"https:\/\/qitime.de\/fr\/wp-json\/wp\/v2\/comments?post=107"}],"version-history":[{"count":10,"href":"https:\/\/qitime.de\/fr\/wp-json\/wp\/v2\/pages\/107\/revisions"}],"predecessor-version":[{"id":3086,"href":"https:\/\/qitime.de\/fr\/wp-json\/wp\/v2\/pages\/107\/revisions\/3086"}],"wp:attachment":[{"href":"https:\/\/qitime.de\/fr\/wp-json\/wp\/v2\/media?parent=107"}],"curies":[{"name":"wp","href":"https:\/\/api.w.org\/{rel}","templated":true}]}}